{"id":19,"date":"2017-08-01T12:13:16","date_gmt":"2017-08-01T12:13:16","guid":{"rendered":"https:\/\/kokvekok.com\/about\/"},"modified":"2020-07-30T17:18:03","modified_gmt":"2020-07-30T14:18:03","slug":"hakkimizda","status":"publish","type":"page","link":"https:\/\/kokvekok.com\/en\/hakkimizda\/","title":{"rendered":"About Us"},"content":{"rendered":"<div data-elementor-type=\"wp-post\" data-elementor-id=\"19\" class=\"elementor elementor-19\">\n\t\t\t\t\t\t<section class=\"elementor-section elementor-top-section elementor-element elementor-element-roet4pi elementor-section-boxed elementor-section-height-default elementor-section-height-default\" data-id=\"roet4pi\" data-element_type=\"section\" data-e-type=\"section\" data-settings=\"{&quot;background_background&quot;:&quot;classic&quot;}\">\n\t\t\t\t\t\t\t<div class=\"elementor-background-overlay\"><\/div>\n\t\t\t\t\t\t\t<div class=\"elementor-container elementor-column-gap-default\">\n\t\t\t\t\t<div class=\"elementor-column elementor-col-100 elementor-top-column elementor-element elementor-element-8hlneo4\" data-id=\"8hlneo4\" data-element_type=\"column\" data-e-type=\"column\">\n\t\t\t<div class=\"elementor-widget-wrap elementor-element-populated\">\n\t\t\t\t\t\t<div class=\"elementor-element elementor-element-h6vz34q elementor-widget elementor-widget-heading\" data-id=\"h6vz34q\" data-element_type=\"widget\" data-e-type=\"widget\" data-widget_type=\"heading.default\">\n\t\t\t\t<div class=\"elementor-widget-container\">\n\t\t\t\t\t<h2 class=\"elementor-heading-title elementor-size-default\">About Us<\/h2>\t\t\t\t<\/div>\n\t\t\t\t<\/div>\n\t\t\t\t\t<\/div>\n\t\t<\/div>\n\t\t\t\t\t<\/div>\n\t\t<\/section>\n\t\t\t\t<section class=\"elementor-section elementor-top-section elementor-element elementor-element-logsadt elementor-section-content-middle elementor-section-boxed elementor-section-height-default elementor-section-height-default\" data-id=\"logsadt\" data-element_type=\"section\" data-e-type=\"section\">\n\t\t\t\t\t\t<div class=\"elementor-container elementor-column-gap-default\">\n\t\t\t\t\t<div class=\"elementor-column elementor-col-50 elementor-top-column elementor-element elementor-element-zjkjcrm\" data-id=\"zjkjcrm\" data-element_type=\"column\" data-e-type=\"column\">\n\t\t\t<div class=\"elementor-widget-wrap elementor-element-populated\">\n\t\t\t\t\t\t<div class=\"elementor-element elementor-element-c3pry7y elementor-widget elementor-widget-heading\" data-id=\"c3pry7y\" data-element_type=\"widget\" data-e-type=\"widget\" data-widget_type=\"heading.default\">\n\t\t\t\t<div class=\"elementor-widget-container\">\n\t\t\t\t\t<h2 class=\"elementor-heading-title elementor-size-default\">K\u00f6k &amp; K\u00f6k Law Office<\/h2>\t\t\t\t<\/div>\n\t\t\t\t<\/div>\n\t\t\t\t<div class=\"elementor-element elementor-element-ccekksq elementor-widget elementor-widget-text-editor\" data-id=\"ccekksq\" data-element_type=\"widget\" data-e-type=\"widget\" data-widget_type=\"text-editor.default\">\n\t\t\t\t<div class=\"elementor-widget-container\">\n\t\t\t\t\t\t\t\t\t<p>As a law office, which takes providing time sensitive, reliable and effective solutions to its local and foreing clients as a principle, our main practice areas are: Foreign Trade Law, Corporate Law, Contract Law, Labor Law, Litigation and Dispute Resolution, Intellectual Property Law and Energy Law.&nbsp;<\/p>\n<p>With our main principle of enhancing profitability, rather than being law office only consulted when a problem arises, positioning ourselves as a continuous business partner of our clients in the legal field is the basis of our understanding of doing business. We prioritise taking necessary measures to prevent legal problems before they arise and when a problem arises we aim to conclude it with economical fashion. By guaranteeing fast, reliable and effective solutions, our main mission is to save time for our clients. Accordingly, enhancing the profitability of our clients is one of the principles we adopt with our understanding of preventing legal problems and solving them in the most economical fashion when they arise.<\/p>\n<p>As we position ourselves as our clients' business partners in the field of law, achieving client satisfaction is one of our main objectives because of the fact that provision of fast, reliable and effective services and enhancing profitability objective are directy tied with client satisfaction. For this reason, our understanding of doing business is not restricted with provision of legal services. Sincerely we aim at becoming business partners of our clients in the field of law by prioritizing client satisfaction.&nbsp;<\/p>\n<p>Our legal team consists of attorneys at law who have participated in programmes in internationally recognized schools and have excellent written and spoken english skills. With this respect, legal services are provided both for local and foreing clients in K\u00f6k &amp; K\u00f6k Law Office.<\/p>\t\t\t\t\t\t\t\t<\/div>\n\t\t\t\t<\/div>\n\t\t\t\t\t<\/div>\n\t\t<\/div>\n\t\t\t\t<div class=\"elementor-column elementor-col-50 elementor-top-column elementor-element elementor-element-abawkrz\" data-id=\"abawkrz\" data-element_type=\"column\" data-e-type=\"column\">\n\t\t\t<div class=\"elementor-widget-wrap elementor-element-populated\">\n\t\t\t\t\t\t<div class=\"elementor-element elementor-element-ngskbgt elementor-widget elementor-widget-image\" data-id=\"ngskbgt\" data-element_type=\"widget\" data-e-type=\"widget\" data-widget_type=\"image.default\">\n\t\t\t\t<div class=\"elementor-widget-container\">\n\t\t\t\t\t\t\t\t\t\t\t\t\t\t\t<img fetchpriority=\"high\" decoding=\"async\" width=\"1024\" height=\"519\" src=\"https:\/\/kokvekok.com\/wp-content\/uploads\/2020\/05\/shaking-hands-handshake-hands-3091906-1024x519.jpg\" class=\"attachment-large size-large wp-image-975\" alt=\"shaking hands, handshake, hands\" srcset=\"https:\/\/kokvekok.com\/wp-content\/uploads\/2020\/05\/shaking-hands-handshake-hands-3091906-1024x519.jpg 1024w, https:\/\/kokvekok.com\/wp-content\/uploads\/2020\/05\/shaking-hands-handshake-hands-3091906-300x152.jpg 300w, https:\/\/kokvekok.com\/wp-content\/uploads\/2020\/05\/shaking-hands-handshake-hands-3091906-768x389.jpg 768w, https:\/\/kokvekok.com\/wp-content\/uploads\/2020\/05\/shaking-hands-handshake-hands-3091906.jpg 1280w\" sizes=\"(max-width: 1024px) 100vw, 1024px\" \/>\t\t\t\t\t\t\t\t\t\t\t\t\t\t\t<\/div>\n\t\t\t\t<\/div>\n\t\t\t\t\t<\/div>\n\t\t<\/div>\n\t\t\t\t\t<\/div>\n\t\t<\/section>\n\t\t\t\t<\/div>","protected":false},"excerpt":{"rendered":"<p>Hakk\u0131m\u0131zda K\u00f6k &amp; K\u00f6k Hukuk B\u00fcrosu M\u00fcvekkillerimize h\u0131zl\u0131, g\u00fcvenilir ve etkin \u00e7\u00f6z\u00fcm sunmay\u0131 ilke edinmi\u015f bir hukuk b\u00fcrosu olarak ba\u015fl\u0131ca, D\u0131\u015f Ticaret Hukuku, \u015eirketler Hukuku, S\u00f6zle\u015fmeler Hukuku, \u0130\u015f ve Sosyal G\u00fcvenlik Hukuku, Dava Takibi ve Uyu\u015fmazl\u0131k \u00c7\u00f6z\u00fcm\u00fc, Fikri ve S\u0131nai M\u00fclkiyet Hukuku ve Enerji Hukuku alanlar\u0131nda yerli ve yabanc\u0131 m\u00fcvekkillere avukatl\u0131k ve hukuki dan\u0131\u015fmanl\u0131k hizmetleri [&hellip;]<\/p>\n","protected":false},"author":1,"featured_media":0,"parent":0,"menu_order":0,"comment_status":"closed","ping_status":"closed","template":"","meta":{"site-sidebar-layout":"no-sidebar","site-content-layout":"page-builder","ast-site-content-layout":"default","site-content-style":"default","site-sidebar-style":"default","ast-global-header-display":"","ast-banner-title-visibility":"","ast-main-header-display":"","ast-hfb-above-header-display":"","ast-hfb-below-header-display":"","ast-hfb-mobile-header-display":"","site-post-title":"disabled","ast-breadcrumbs-content":"","ast-featured-img":"","footer-sml-layout":"","ast-disable-related-posts":"","theme-transparent-header-meta":"default","adv-header-id-meta":"","stick-header-meta":"","header-above-stick-meta":"","header-main-stick-meta":"","header-below-stick-meta":"","astra-migrate-meta-layouts":"default","ast-page-background-enabled":"default","ast-page-background-meta":{"desktop":{"background-color":"","background-image":"","background-repeat":"repeat","background-position":"center center","background-size":"auto","background-attachment":"scroll","background-type":"","background-media":"","overlay-type":"","overlay-color":"","overlay-opacity":"","overlay-gradient":""},"tablet":{"background-color":"","background-image":"","background-repeat":"repeat","background-position":"center center","background-size":"auto","background-attachment":"scroll","background-type":"","background-media":"","overlay-type":"","overlay-color":"","overlay-opacity":"","overlay-gradient":""},"mobile":{"background-color":"","background-image":"","background-repeat":"repeat","background-position":"center center","background-size":"auto","background-attachment":"scroll","background-type":"","background-media":"","overlay-type":"","overlay-color":"","overlay-opacity":"","overlay-gradient":""}},"ast-content-background-meta":{"desktop":{"background-color":"var(--ast-global-color-5)","background-image":"","background-repeat":"repeat","background-position":"center center","background-size":"auto","background-attachment":"scroll","background-type":"","background-media":"","overlay-type":"","overlay-color":"","overlay-opacity":"","overlay-gradient":""},"tablet":{"background-color":"var(--ast-global-color-5)","background-image":"","background-repeat":"repeat","background-position":"center center","background-size":"auto","background-attachment":"scroll","background-type":"","background-media":"","overlay-type":"","overlay-color":"","overlay-opacity":"","overlay-gradient":""},"mobile":{"background-color":"var(--ast-global-color-5)","background-image":"","background-repeat":"repeat","background-position":"center center","background-size":"auto","background-attachment":"scroll","background-type":"","background-media":"","overlay-type":"","overlay-color":"","overlay-opacity":"","overlay-gradient":""}},"footnotes":""},"class_list":["post-19","page","type-page","status-publish","hentry"],"_links":{"self":[{"href":"https:\/\/kokvekok.com\/en\/wp-json\/wp\/v2\/pages\/19","targetHints":{"allow":["GET"]}}],"collection":[{"href":"https:\/\/kokvekok.com\/en\/wp-json\/wp\/v2\/pages"}],"about":[{"href":"https:\/\/kokvekok.com\/en\/wp-json\/wp\/v2\/types\/page"}],"author":[{"embeddable":true,"href":"https:\/\/kokvekok.com\/en\/wp-json\/wp\/v2\/users\/1"}],"replies":[{"embeddable":true,"href":"https:\/\/kokvekok.com\/en\/wp-json\/wp\/v2\/comments?post=19"}],"version-history":[{"count":18,"href":"https:\/\/kokvekok.com\/en\/wp-json\/wp\/v2\/pages\/19\/revisions"}],"predecessor-version":[{"id":1190,"href":"https:\/\/kokvekok.com\/en\/wp-json\/wp\/v2\/pages\/19\/revisions\/1190"}],"wp:attachment":[{"href":"https:\/\/kokvekok.com\/en\/wp-json\/wp\/v2\/media?parent=19"}],"curies":[{"name":"wp","href":"https:\/\/api.w.org\/{rel}","templated":true}]}}